{"id":956,"date":"2018-02-14T18:44:39","date_gmt":"2018-02-14T18:44:39","guid":{"rendered":"http:\/\/hanskoetter.de\/?page_id=956"},"modified":"2018-04-04T20:40:31","modified_gmt":"2018-04-04T20:40:31","slug":"gaestebuch","status":"publish","type":"page","link":"https:\/\/hanskoetter.de\/?page_id=956","title":{"rendered":"G\u00e4stebuch"},"content":{"rendered":"<div id=\"attachment_944\" style=\"width: 283px\" class=\"wp-caption aligncenter\"><a href=\"https:\/\/i0.wp.com\/hanskoetter.de\/wp-content\/uploads\/2018\/02\/20180131_133455_resized_1.jpg\"><img loading=\"lazy\" decoding=\"async\" aria-describedby=\"caption-attachment-944\" data-attachment-id=\"944\" data-permalink=\"https:\/\/hanskoetter.de\/?attachment_id=944\" data-orig-file=\"https:\/\/i0.wp.com\/hanskoetter.de\/wp-content\/uploads\/2018\/02\/20180131_133455_resized_1.jpg?fit=875%2C963&amp;ssl=1\" data-orig-size=\"875,963\" data-comments-opened=\"1\" data-image-meta=\"{&quot;aperture&quot;:&quot;0&quot;,&quot;credit&quot;:&quot;&quot;,&quot;camera&quot;:&quot;&quot;,&quot;caption&quot;:&quot;&quot;,&quot;created_timestamp&quot;:&quot;0&quot;,&quot;copyright&quot;:&quot;&quot;,&quot;focal_length&quot;:&quot;0&quot;,&quot;iso&quot;:&quot;0&quot;,&quot;shutter_speed&quot;:&quot;0&quot;,&quot;title&quot;:&quot;&quot;,&quot;orientation&quot;:&quot;0&quot;}\" data-image-title=\"20180131_133455_resized_1\" data-image-description=\"&lt;p&gt;Schreibt bitte einen Eintrag!&lt;\/p&gt;\n\" data-image-caption=\"&lt;p&gt;Das sind wir!&lt;\/p&gt;\n\" data-medium-file=\"https:\/\/i0.wp.com\/hanskoetter.de\/wp-content\/uploads\/2018\/02\/20180131_133455_resized_1.jpg?fit=273%2C300&amp;ssl=1\" data-large-file=\"https:\/\/i0.wp.com\/hanskoetter.de\/wp-content\/uploads\/2018\/02\/20180131_133455_resized_1.jpg?fit=590%2C649&amp;ssl=1\" tabindex=\"0\" role=\"button\" class=\"size-medium wp-image-944\" src=\"https:\/\/i0.wp.com\/hanskoetter.de\/wp-content\/uploads\/2018\/02\/20180131_133455_resized_1.jpg?resize=273%2C300\" alt=\"\" width=\"273\" height=\"300\" srcset=\"https:\/\/i0.wp.com\/hanskoetter.de\/wp-content\/uploads\/2018\/02\/20180131_133455_resized_1.jpg?resize=273%2C300&amp;ssl=1 273w, https:\/\/i0.wp.com\/hanskoetter.de\/wp-content\/uploads\/2018\/02\/20180131_133455_resized_1.jpg?resize=768%2C845&amp;ssl=1 768w, https:\/\/i0.wp.com\/hanskoetter.de\/wp-content\/uploads\/2018\/02\/20180131_133455_resized_1.jpg?w=875&amp;ssl=1 875w\" sizes=\"(max-width: 273px) 100vw, 273px\" data-recalc-dims=\"1\" \/><\/a><p id=\"caption-attachment-944\" class=\"wp-caption-text\">Das sind wir!<\/p><\/div>\n<p>Mit den Standards, die f\u00fcr alle Seiten gelten, wurde diese Seite auch erstellt. G\u00e4stebucheintr\u00e4ge sind wie Kommentare zu unseren anderen Seiten.<br \/>\nDas ist auch gegen Spams und fremden Zugriffen gesichert. Jetzt ist es an Euch hier auch eine Bemerkung zu hinterlassen.<br \/>\nAuch Facebookbenutzer d\u00fcrfen das!<\/p>\n","protected":false},"excerpt":{"rendered":"<p>Mit den Standards, die f\u00fcr alle Seiten gelten, wurde diese Seite auch erstellt. G\u00e4stebucheintr\u00e4ge sind wie Kommentare zu unseren anderen Seiten. Das ist auch gegen Spams und fremden Zugriffen gesichert. Jetzt ist es an Euch hier auch eine Bemerkung zu hinterlassen. Auch Facebookbenutzer d\u00fcrfen das!<\/p>\n","protected":false},"author":1,"featured_media":0,"parent":0,"menu_order":5,"comment_status":"open","ping_status":"closed","template":"","meta":{"footnotes":""},"class_list":["post-956","page","type-page","status-publish","hentry"],"jetpack_sharing_enabled":true,"jetpack_shortlink":"https:\/\/wp.me\/P91k6F-fq","_links":{"self":[{"href":"https:\/\/hanskoetter.de\/index.php?rest_route=\/wp\/v2\/pages\/956"}],"collection":[{"href":"https:\/\/hanskoetter.de\/index.php?rest_route=\/wp\/v2\/pages"}],"about":[{"href":"https:\/\/hanskoetter.de\/index.php?rest_route=\/wp\/v2\/types\/page"}],"author":[{"embeddable":true,"href":"https:\/\/hanskoetter.de\/index.php?rest_route=\/wp\/v2\/users\/1"}],"replies":[{"embeddable":true,"href":"https:\/\/hanskoetter.de\/index.php?rest_route=%2Fwp%2Fv2%2Fcomments&post=956"}],"version-history":[{"count":2,"href":"https:\/\/hanskoetter.de\/index.php?rest_route=\/wp\/v2\/pages\/956\/revisions"}],"predecessor-version":[{"id":1105,"href":"https:\/\/hanskoetter.de\/index.php?rest_route=\/wp\/v2\/pages\/956\/revisions\/1105"}],"wp:attachment":[{"href":"https:\/\/hanskoetter.de\/index.php?rest_route=%2Fwp%2Fv2%2Fmedia&parent=956"}],"curies":[{"name":"wp","href":"https:\/\/api.w.org\/{rel}","templated":true}]}}