{"id":605,"date":"2017-11-06T17:21:11","date_gmt":"2017-11-06T17:21:11","guid":{"rendered":"http:\/\/hanskoetter.de\/?page_id=605"},"modified":"2022-11-30T11:36:25","modified_gmt":"2022-11-30T11:36:25","slug":"dies-ist-eine-testseite","status":"publish","type":"page","link":"http:\/\/hanskoetter.de\/?page_id=605","title":{"rendered":"Bildergalerie"},"content":{"rendered":"<p>Der Anfang ist gemacht, die ersten Bilderrahmen sind eingestellt.<br \/>\nEs werden noch mehr von unserer Tour folgen!<\/p>\n<p>Mit den Bildern vom Brikdalsbreen in Norwegen m\u00f6chte ich mal zeigen was sich in den wenigen Jahren ver\u00e4ndert hat.<br \/>\nDann hab ich auch noch \u00e4ltere Bilder zusammengestellt, die mir gut gefallen.<br \/>\nJetzt sind Bilder aus dem Sommer 2016 dazu gekommen, wie alles begann!<\/p>\n<p>Jetzt auch aus Spanien die erste Galerie mit Karnevalsbilder.<\/p>\n<p>Schaut Euch die mal an, wenn Ihr eines der kleinen Bilder anklickt, werden alle in einer Art Diashow dargestellt.<\/p>\n<p>Die Bilder sind extra f\u00fcrs Internet verkleinert. \u00dcber ein Original l\u00e4sst sich reden!<\/p>\n<p>Kommentare k\u00f6nnen auf dieser \u00dcbersicht nicht eingestellt werden, sondern nur unter der jeweiligen Galerie.<\/p>\n<p>Achso, bitte auf die jeweilige Zeile klicken um die Bilder aufzurufen!<\/p>\n<ul>\n<li style=\"list-style-type: none;\">\n<ul>\n<li><strong> <a href=\"http:\/\/hanskoetter.de\/?page_id=1060\" target=\"_blank\" rel=\"noopener\">Carneval in Santiago de la Ribera<\/a> <\/strong><\/li>\n<\/ul>\n<\/li>\n<\/ul>\n<ul>\n<li style=\"list-style-type: none;\">\n<ul>\n<li><strong> <a href=\"http:\/\/hanskoetter.de\/?page_id=986\" target=\"_blank\" rel=\"noopener\">Wie alles begann, Bilder aus dem Sommer 2016<\/a> <\/strong><\/li>\n<\/ul>\n<\/li>\n<\/ul>\n<ul>\n<li style=\"list-style-type: none;\">\n<ul>\n<li><strong> <a href=\"http:\/\/hanskoetter.de\/?page_id=645\" target=\"_blank\" rel=\"noopener\">Bilder vom Brikdalsbreen<\/a> <\/strong><\/li>\n<\/ul>\n<\/li>\n<\/ul>\n<ul>\n<li style=\"list-style-type: none;\">\n<ul>\n<li><strong><a href=\"http:\/\/hanskoetter.de\/?page_id=884\" target=\"_blank\" rel=\"noopener\">Bilder von V\u00f6geln aus den letzten Jahren<\/a><\/strong><\/li>\n<\/ul>\n<\/li>\n<\/ul>\n<ul>\n<li style=\"list-style-type: none;\">\n<ul>\n<li><strong><a href=\"http:\/\/hanskoetter.de\/?page_id=890\" target=\"_blank\" rel=\"noopener\">Bilder von Land- und Wassertieren aus den letzten Jahren<\/a><\/strong><\/li>\n<\/ul>\n<\/li>\n<\/ul>\n<p>ACHTUNG: es kann eventuell passieren, das der Aufruf der einzelnen Galerien etwas l\u00e4nger dauert.<br \/>\nBitte schreibt mir dann eine E-Mail, damit ich das pr\u00fcfen kann.<\/p>\n<p>Mail an: <a href=\"mailto:winfried@hanskoetter.de\" data-wplink-edit=\"true\">Winfried und Edith Hanskoetter<\/a><\/p>\n","protected":false},"excerpt":{"rendered":"<p>Der Anfang ist gemacht, die ersten Bilderrahmen sind eingestellt. Es werden noch mehr von unserer Tour folgen! Mit den Bildern vom Brikdalsbreen in Norwegen m\u00f6chte ich mal zeigen was sich in den wenigen Jahren ver\u00e4ndert hat. Dann hab ich auch noch \u00e4ltere Bilder zusammengestellt, die mir gut gefallen. Jetzt sind Bilder aus dem Sommer 2016 [&hellip;]<\/p>\n","protected":false},"author":1,"featured_media":0,"parent":0,"menu_order":0,"comment_status":"closed","ping_status":"closed","template":"","meta":{"footnotes":""},"class_list":["post-605","page","type-page","status-publish","hentry"],"jetpack_sharing_enabled":true,"jetpack_shortlink":"https:\/\/wp.me\/P91k6F-9L","_links":{"self":[{"href":"http:\/\/hanskoetter.de\/index.php?rest_route=\/wp\/v2\/pages\/605"}],"collection":[{"href":"http:\/\/hanskoetter.de\/index.php?rest_route=\/wp\/v2\/pages"}],"about":[{"href":"http:\/\/hanskoetter.de\/index.php?rest_route=\/wp\/v2\/types\/page"}],"author":[{"embeddable":true,"href":"http:\/\/hanskoetter.de\/index.php?rest_route=\/wp\/v2\/users\/1"}],"replies":[{"embeddable":true,"href":"http:\/\/hanskoetter.de\/index.php?rest_route=%2Fwp%2Fv2%2Fcomments&post=605"}],"version-history":[{"count":31,"href":"http:\/\/hanskoetter.de\/index.php?rest_route=\/wp\/v2\/pages\/605\/revisions"}],"predecessor-version":[{"id":2184,"href":"http:\/\/hanskoetter.de\/index.php?rest_route=\/wp\/v2\/pages\/605\/revisions\/2184"}],"wp:attachment":[{"href":"http:\/\/hanskoetter.de\/index.php?rest_route=%2Fwp%2Fv2%2Fmedia&parent=605"}],"curies":[{"name":"wp","href":"https:\/\/api.w.org\/{rel}","templated":true}]}}