{"id":15,"date":"2014-07-15T12:02:09","date_gmt":"2014-07-15T12:02:09","guid":{"rendered":"http:\/\/hanskoetter.de\/?page_id=15"},"modified":"2022-11-30T11:39:47","modified_gmt":"2022-11-30T11:39:47","slug":"wir-ueber-uns","status":"publish","type":"page","link":"http:\/\/hanskoetter.de\/?page_id=15","title":{"rendered":"Wir \u00fcber uns"},"content":{"rendered":"<p style=\"text-align: center;\">Wir sind Edith und Winfried Hansk\u00f6tter<\/p>\n<p style=\"text-align: center;\"><a class=\"fbx-instance fbx-link\" href=\"https:\/\/i0.wp.com\/hanskoetter.de\/wp-content\/uploads\/2014\/07\/DSC_0057.jpg\"><img loading=\"lazy\" decoding=\"async\" data-attachment-id=\"50\" data-permalink=\"http:\/\/hanskoetter.de\/?attachment_id=50\" data-orig-file=\"https:\/\/i0.wp.com\/hanskoetter.de\/wp-content\/uploads\/2014\/07\/DSC_0057-e1507130413488.jpg?fit=744%2C1098\" data-orig-size=\"744,1098\" data-comments-opened=\"1\" data-image-meta=\"{&quot;aperture&quot;:&quot;8&quot;,&quot;credit&quot;:&quot;Picasa 2.0&quot;,&quot;camera&quot;:&quot;NIKON D70&quot;,&quot;caption&quot;:&quot;&quot;,&quot;created_timestamp&quot;:&quot;1143973657&quot;,&quot;copyright&quot;:&quot;&quot;,&quot;focal_length&quot;:&quot;29&quot;,&quot;iso&quot;:&quot;0&quot;,&quot;shutter_speed&quot;:&quot;0.005&quot;,&quot;title&quot;:&quot;&quot;}\" data-image-title=\"DSC_0057\" data-image-description=\"\" data-image-caption=\"\" data-medium-file=\"https:\/\/i0.wp.com\/hanskoetter.de\/wp-content\/uploads\/2014\/07\/DSC_0057-e1507130413488.jpg?fit=203%2C300\" data-large-file=\"https:\/\/i0.wp.com\/hanskoetter.de\/wp-content\/uploads\/2014\/07\/DSC_0057-e1507130413488.jpg?fit=590%2C872\" tabindex=\"0\" role=\"button\" class=\"alignnone size-medium wp-image-50\" src=\"https:\/\/i0.wp.com\/hanskoetter.de\/wp-content\/uploads\/2014\/07\/DSC_0057.jpg?resize=203%2C300\" alt=\"DSC_0057\" width=\"203\" height=\"300\"  data-recalc-dims=\"1\"><\/a><\/p>\n<p style=\"text-align: center;\">aus 48249 D\u00fclmen<\/p>\n<div id=\"attachment_40\" style=\"width: 218px\" class=\"wp-caption aligncenter fbx-instance\"><a class=\"fbx-link\" href=\"https:\/\/i0.wp.com\/hanskoetter.de\/wp-content\/uploads\/2014\/07\/SketchGuru_20140712213415.jpg\"><img loading=\"lazy\" decoding=\"async\" aria-describedby=\"caption-attachment-40\" data-attachment-id=\"40\" data-permalink=\"http:\/\/hanskoetter.de\/?attachment_id=40\" data-orig-file=\"https:\/\/i0.wp.com\/hanskoetter.de\/wp-content\/uploads\/2014\/07\/SketchGuru_20140712213415.jpg?fit=640%2C922\" data-orig-size=\"640,922\" data-comments-opened=\"1\" data-image-meta=\"{&quot;aperture&quot;:&quot;0&quot;,&quot;credit&quot;:&quot;&quot;,&quot;camera&quot;:&quot;&quot;,&quot;caption&quot;:&quot;&quot;,&quot;created_timestamp&quot;:&quot;0&quot;,&quot;copyright&quot;:&quot;&quot;,&quot;focal_length&quot;:&quot;0&quot;,&quot;iso&quot;:&quot;0&quot;,&quot;shutter_speed&quot;:&quot;0&quot;,&quot;title&quot;:&quot;&quot;}\" data-image-title=\"L\u00fcdinghauser Tor\" data-image-description=\"\" data-image-caption=\"&lt;p&gt;L\u00fcdinghauser Tor D\u00fclmen&lt;\/p&gt;\n\" data-medium-file=\"https:\/\/i0.wp.com\/hanskoetter.de\/wp-content\/uploads\/2014\/07\/SketchGuru_20140712213415.jpg?fit=208%2C300\" data-large-file=\"https:\/\/i0.wp.com\/hanskoetter.de\/wp-content\/uploads\/2014\/07\/SketchGuru_20140712213415.jpg?fit=590%2C850\" tabindex=\"0\" role=\"button\" class=\"size-medium wp-image-40\" src=\"https:\/\/i0.wp.com\/hanskoetter.de\/wp-content\/uploads\/2014\/07\/SketchGuru_20140712213415.jpg?resize=208%2C300\" alt=\"L\u00fcdinghauser Tor D\u00fclmen\" width=\"208\" height=\"300\" srcset=\"https:\/\/i0.wp.com\/hanskoetter.de\/wp-content\/uploads\/2014\/07\/SketchGuru_20140712213415.jpg?resize=208%2C300 208w, https:\/\/i0.wp.com\/hanskoetter.de\/wp-content\/uploads\/2014\/07\/SketchGuru_20140712213415.jpg?w=640 640w\" sizes=\"(max-width: 208px) 100vw, 208px\" data-recalc-dims=\"1\" \/><\/a><p id=\"caption-attachment-40\" class=\"wp-caption-text\">L\u00fcdinghauser Tor D\u00fclmen<\/p><\/div>\n<p style=\"text-align: center;\">Unser Wohnmobil ist unser Hobby, wir sind zur Zeit viel damit unterwegs. Das hei\u00dft inzwischen, wir hatten 5 Jahre <span style=\"font-size: revert; color: initial;\">keinen festen Wohnsitz, wir lebten nur noch im Wohnmobil und reisten durch Europa.<\/span><\/p>\n<p>Wir waren zuerst im Sommer 2016 an der deutschen Ostsee. Den Winter 2016\/2017 haben wir an der franz\u00f6sischen Mittelmeerk\u00fcste verbracht.<\/p>\n<p>\u00dcber D\u00fclmen ging es dann f\u00fcr den Sommer 2017 nach Skandinavien sogar bis zum Nordkapp. \u00dcber den Winter 2017\/2018 haben wir zum ersten Mal Spanien und Portugal erkundet. \u00dcber die franz\u00f6sische K\u00fcste und entlang der Loire ging es zur\u00fcck nach Deutschland.<\/p>\n<p>Wir haben dann auch \u00fcber den Winter 2018\/2019 bei nicht zu kalten Temperaturen Nord-, Ostsee und die Elbe erkundet.<\/p>\n<p>Und das in erster Linie weil wir Anfang Mai 2019 die Umrundung der Ostsee bzw. der baltischen See begonnen haben.<\/p>\n<p>Den Winter 2019\/2020 verbringen wir noch in Portugal und Spanien. Das Wetter ist hier doch etwas anders!<\/p>\n<p>Leider hat uns Corona veranlasst Spanien schnell zu verlassen und durch Frankreich durch zu fahren. Wir werden diesen Sommer und auch den Winter 2020\/2021 in Deutschland verbringen.<\/p>\n<p style=\"text-align: center;\"><a class=\"fbx-instance fbx-link\" href=\"https:\/\/i0.wp.com\/hanskoetter.de\/wp-content\/uploads\/2014\/07\/SketchGuru_20140712213518.jpg\"><img loading=\"lazy\" decoding=\"async\" data-attachment-id=\"41\" data-permalink=\"http:\/\/hanskoetter.de\/?attachment_id=41\" data-orig-file=\"https:\/\/i0.wp.com\/hanskoetter.de\/wp-content\/uploads\/2014\/07\/SketchGuru_20140712213518.jpg?fit=385%2C385\" data-orig-size=\"385,385\" data-comments-opened=\"1\" data-image-meta=\"{&quot;aperture&quot;:&quot;0&quot;,&quot;credit&quot;:&quot;&quot;,&quot;camera&quot;:&quot;&quot;,&quot;caption&quot;:&quot;&quot;,&quot;created_timestamp&quot;:&quot;0&quot;,&quot;copyright&quot;:&quot;&quot;,&quot;focal_length&quot;:&quot;0&quot;,&quot;iso&quot;:&quot;0&quot;,&quot;shutter_speed&quot;:&quot;0&quot;,&quot;title&quot;:&quot;&quot;}\" data-image-title=\"Unser Frankia\" data-image-description=\"\" data-image-caption=\"\" data-medium-file=\"https:\/\/i0.wp.com\/hanskoetter.de\/wp-content\/uploads\/2014\/07\/SketchGuru_20140712213518.jpg?fit=300%2C300\" data-large-file=\"https:\/\/i0.wp.com\/hanskoetter.de\/wp-content\/uploads\/2014\/07\/SketchGuru_20140712213518.jpg?fit=385%2C385\" tabindex=\"0\" role=\"button\" class=\"alignnone size-medium wp-image-41\" src=\"https:\/\/i0.wp.com\/hanskoetter.de\/wp-content\/uploads\/2014\/07\/SketchGuru_20140712213518.jpg?resize=300%2C300\" alt=\"SketchGuru_20140712213518\" width=\"300\" height=\"300\" srcset=\"https:\/\/i0.wp.com\/hanskoetter.de\/wp-content\/uploads\/2014\/07\/SketchGuru_20140712213518.jpg?resize=300%2C300 300w, https:\/\/i0.wp.com\/hanskoetter.de\/wp-content\/uploads\/2014\/07\/SketchGuru_20140712213518.jpg?resize=150%2C150 150w, https:\/\/i0.wp.com\/hanskoetter.de\/wp-content\/uploads\/2014\/07\/SketchGuru_20140712213518.jpg?w=385 385w\" sizes=\"(max-width: 300px) 100vw, 300px\" data-recalc-dims=\"1\" \/><\/a><\/p>\n<p style=\"text-align: center;\">Und hier wollen wir unsere Bilder, Touren und Tipps f\u00fcr Familie und Freunde festhalten.<br \/>\nSchaut doch bitte regelm\u00e4\u00dfig auf unsere Seite nach und schreibt gerne einen Kommentar oder auch eine E-Mail.<\/p>\n<p><strong> <a href=\"http:\/\/hanskoetter.de\/?page_id=1258\" target=\"_blank\" rel=\"noopener noreferrer\">Wo wir \u00fcberall \u00fcbernachtet haben<\/a> <\/strong><\/p>\n<h1>Impressum<\/h1>\n<p>Angaben gem\u00e4\u00df \u00a7 5 TMG<\/p>\n<p>Winfried Hansk\u00f6tter<\/p>\n<p>E-Mail: <a href=\"mailto:winfried@hanskoetter.de\">winfried@hanskoetter.de<\/a><\/p>\n<p>Tel. : +49 179 5260485<\/p>\n<p><b>Haftungsausschluss: <\/b><\/p>\n<p><b>Haftung f\u00fcr Inhalte<\/b><\/p>\n<p>Die Inhalte unserer Seiten wurden mit gr\u00f6\u00dfter Sorgfalt erstellt. F\u00fcr die Richtigkeit, Vollst\u00e4ndigkeit und Aktualit\u00e4t der Inhalte k\u00f6nnen wir jedoch keine Gew\u00e4hr \u00fcbernehmen. Als Diensteanbieter sind wir gem\u00e4\u00df \u00a7 7 Abs.1 TMG f\u00fcr eigene Inhalte auf diesen Seiten nach den allgemeinen Gesetzen verantwortlich. Nach \u00a7\u00a7 8 bis 10 TMG sind wir als Diensteanbieter jedoch nicht verpflichtet, \u00fcbermittelte oder gespeicherte fremde Informationen zu \u00fcberwachen oder nach Umst\u00e4nden zu forschen, die auf eine rechtswidrige T\u00e4tigkeit hinweisen. Verpflichtungen zur Entfernung oder Sperrung der Nutzung von Informationen nach den allgemeinen Gesetzen bleiben hiervon unber\u00fchrt. Eine diesbez\u00fcgliche Haftung ist jedoch erst ab dem Zeitpunkt der Kenntnis einer konkreten Rechtsverletzung m\u00f6glich. Bei Bekanntwerden von entsprechenden Rechtsverletzungen werden wir diese Inhalte umgehend entfernen.<\/p>\n<p><b>Haftung f\u00fcr Links<\/b><\/p>\n<p>Unser Angebot enth\u00e4lt Links zu externen Webseiten Dritter, auf deren Inhalte wir keinen Einfluss haben. Deshalb k\u00f6nnen wir f\u00fcr diese fremden Inhalte auch keine Gew\u00e4hr \u00fcbernehmen. F\u00fcr die Inhalte der verlinkten Seiten ist stets der jeweilige Anbieter oder Betreiber der Seiten verantwortlich. Die verlinkten Seiten wurden zum Zeitpunkt der Verlinkung auf m\u00f6gliche Rechtsverst\u00f6\u00dfe \u00fcberpr\u00fcft. Rechtswidrige Inhalte waren zum Zeitpunkt der Verlinkung nicht erkennbar. Eine permanente inhaltliche Kontrolle der verlinkten Seiten ist jedoch ohne konkrete Anhaltspunkte einer Rechtsverletzung nicht zumutbar. Bei Bekanntwerden von Rechtsverletzungen werden wir derartige Links umgehend entfernen.<\/p>\n<p><b>Urheberrecht<\/b><\/p>\n<p>Die durch die Seitenbetreiber erstellten Inhalte und Werke auf diesen Seiten unterliegen dem deutschen Urheberrecht. Die Vervielf\u00e4ltigung, Bearbeitung, Verbreitung und jede Art der Verwertung au\u00dferhalb der Grenzen des Urheberrechtes bed\u00fcrfen der schriftlichen Zustimmung des jeweiligen Autors bzw. Erstellers. Downloads und Kopien dieser Seite sind nur f\u00fcr den privaten, nicht kommerziellen Gebrauch gestattet. Soweit die Inhalte auf dieser Seite nicht vom Betreiber erstellt wurden, werden die Urheberrechte Dritter beachtet. Insbesondere werden Inhalte Dritter als solche gekennzeichnet. Sollten Sie trotzdem auf eine Urheberrechtsverletzung aufmerksam werden, bitten wir um einen entsprechenden Hinweis. Bei Bekanntwerden von Rechtsverletzungen werden wir derartige Inhalte umgehend entfernen.<\/p>\n<p><b>Datenschutz<\/b><\/p>\n<p>Die Nutzung unserer Webseite ist in der Regel ohne Angabe personenbezogener Daten m\u00f6glich. Soweit auf unseren Seiten personenbezogene Daten (beispielsweise Name, Anschrift oder eMail-Adressen) erhoben werden, erfolgt dies, soweit m\u00f6glich, stets auf freiwilliger Basis. Diese Daten werden ohne Ihre ausdr\u00fcckliche Zustimmung nicht an Dritte weitergegeben.<\/p>\n<p>Wir weisen darauf hin, dass die Daten\u00fcbertragung im Internet (z.B. bei der Kommunikation per E-Mail) Sicherheitsl\u00fccken aufweisen kann. Ein l\u00fcckenloser Schutz der Daten vor dem Zugriff durch Dritte ist nicht m\u00f6glich.<\/p>\n<p>Der Nutzung von im Rahmen der Impressumspflicht ver\u00f6ffentlichten Kontaktdaten durch Dritte zur \u00dcbersendung von nicht ausdr\u00fccklich angeforderter Werbung und Informationsmaterialien wird hiermit ausdr\u00fccklich widersprochen. Die Betreiber der Seiten behalten sich ausdr\u00fccklich rechtliche Schritte im Falle der unverlangten Zusendung von Werbeinformationen, etwa durch Spam-Mails, vor.<\/p>\n","protected":false},"excerpt":{"rendered":"<p>Wir sind Edith und Winfried Hansk\u00f6tter aus 48249 D\u00fclmen Unser Wohnmobil ist unser Hobby, wir sind zur Zeit viel damit unterwegs. Das hei\u00dft inzwischen, wir hatten 5 Jahre keinen festen Wohnsitz, wir lebten nur noch im Wohnmobil und reisten durch Europa. Wir waren zuerst im Sommer 2016 an der deutschen Ostsee. Den Winter 2016\/2017 haben [&hellip;]<\/p>\n","protected":false},"author":1,"featured_media":0,"parent":0,"menu_order":0,"comment_status":"closed","ping_status":"open","template":"","meta":{"footnotes":""},"class_list":["post-15","page","type-page","status-publish","hentry"],"jetpack_sharing_enabled":true,"jetpack_shortlink":"https:\/\/wp.me\/P91k6F-f","_links":{"self":[{"href":"http:\/\/hanskoetter.de\/index.php?rest_route=\/wp\/v2\/pages\/15"}],"collection":[{"href":"http:\/\/hanskoetter.de\/index.php?rest_route=\/wp\/v2\/pages"}],"about":[{"href":"http:\/\/hanskoetter.de\/index.php?rest_route=\/wp\/v2\/types\/page"}],"author":[{"embeddable":true,"href":"http:\/\/hanskoetter.de\/index.php?rest_route=\/wp\/v2\/users\/1"}],"replies":[{"embeddable":true,"href":"http:\/\/hanskoetter.de\/index.php?rest_route=%2Fwp%2Fv2%2Fcomments&post=15"}],"version-history":[{"count":20,"href":"http:\/\/hanskoetter.de\/index.php?rest_route=\/wp\/v2\/pages\/15\/revisions"}],"predecessor-version":[{"id":2185,"href":"http:\/\/hanskoetter.de\/index.php?rest_route=\/wp\/v2\/pages\/15\/revisions\/2185"}],"wp:attachment":[{"href":"http:\/\/hanskoetter.de\/index.php?rest_route=%2Fwp%2Fv2%2Fmedia&parent=15"}],"curies":[{"name":"wp","href":"https:\/\/api.w.org\/{rel}","templated":true}]}}